{"id":1678,"date":"2024-05-29T09:03:43","date_gmt":"2024-05-29T09:03:43","guid":{"rendered":"https:\/\/muszakieredetvizsgaszeged.hu\/?page_id=1678"},"modified":"2026-03-26T07:30:15","modified_gmt":"2026-03-26T07:30:15","slug":"letoltheto-nyomtatvanyok","status":"publish","type":"page","link":"https:\/\/muszakieredetvizsgaszeged.hu\/en\/letoltheto-nyomtatvanyok\/","title":{"rendered":"Let\u00f6lthet\u0151 g\u00e9pj\u00e1rm\u0171 nyomtatv\u00e1nyok | M\u0171szaki eredetvizsga Szeged"},"content":{"rendered":"<p><div class=\"fusion-fullwidth fullwidth-box fusion-builder-row-1 fusion-flex-container has-pattern-background has-mask-background nonhundred-percent-fullwidth non-hundred-percent-height-scrolling\" style=\"--awb-border-radius-top-left:0px;--awb-border-radius-top-right:0px;--awb-border-radius-bottom-right:0px;--awb-border-radius-bottom-left:0px;--awb-flex-wrap:wrap;\" ><div class=\"fusion-builder-row fusion-row fusion-flex-align-items-flex-start fusion-flex-content-wrap\" style=\"max-width:1216.8px;margin-left: calc(-4% \/ 2 );margin-right: calc(-4% \/ 2 );\"><div class=\"fusion-layout-column fusion_builder_column fusion-builder-column-0 fusion_builder_column_1_1 1_1 fusion-flex-column\" style=\"--awb-bg-size:cover;--awb-width-large:100%;--awb-margin-top-large:0px;--awb-spacing-right-large:1.92%;--awb-margin-bottom-large:20px;--awb-spacing-left-large:1.92%;--awb-width-medium:100%;--awb-order-medium:0;--awb-spacing-right-medium:1.92%;--awb-spacing-left-medium:1.92%;--awb-width-small:100%;--awb-order-small:0;--awb-spacing-right-small:1.92%;--awb-spacing-left-small:1.92%;\"><div class=\"fusion-column-wrapper fusion-column-has-shadow fusion-flex-justify-content-flex-start fusion-content-layout-column\"><div class=\"fusion-title title fusion-title-1 sep-underline sep-solid fusion-title-center fusion-title-text fusion-title-size-one\" style=\"--awb-margin-top-small:0px;--awb-margin-right-small:0px;--awb-margin-bottom-small:20px;--awb-margin-left-small:0px;--awb-font-size:45px;\"><h1 class=\"fusion-title-heading title-heading-center fusion-responsive-typography-calculated\" style=\"margin:0;font-size:1em;--fontSize:45;line-height:var(--awb-typography1-line-height);\">Downloadable forms<\/h1><\/div><\/div><\/div><\/div><\/div><div class=\"fusion-fullwidth fullwidth-box fusion-builder-row-2 fusion-flex-container has-pattern-background has-mask-background nonhundred-percent-fullwidth non-hundred-percent-height-scrolling\" style=\"--awb-border-radius-top-left:0px;--awb-border-radius-top-right:0px;--awb-border-radius-bottom-right:0px;--awb-border-radius-bottom-left:0px;--awb-flex-wrap:wrap;\" ><div class=\"fusion-builder-row fusion-row fusion-flex-align-items-flex-start fusion-flex-content-wrap\" style=\"max-width:1216.8px;margin-left: calc(-4% \/ 2 );margin-right: calc(-4% \/ 2 );\"><div class=\"fusion-layout-column fusion_builder_column fusion-builder-column-1 fusion_builder_column_1_1 1_1 fusion-flex-column\" style=\"--awb-bg-size:cover;--awb-width-large:100%;--awb-margin-top-large:0px;--awb-spacing-right-large:1.92%;--awb-margin-bottom-large:20px;--awb-spacing-left-large:1.92%;--awb-width-medium:100%;--awb-order-medium:0;--awb-spacing-right-medium:1.92%;--awb-spacing-left-medium:1.92%;--awb-width-small:100%;--awb-order-small:0;--awb-spacing-right-small:1.92%;--awb-spacing-left-small:1.92%;\"><div class=\"fusion-column-wrapper fusion-column-has-shadow fusion-flex-justify-content-flex-start fusion-content-layout-column\"><div class=\"fusion-separator fusion-has-icon fusion-full-width-sep\" style=\"align-self: center;margin-left: auto;margin-right: auto;width:100%;\"><div class=\"fusion-separator-border sep-shadow\" style=\"--awb-height:20px;--awb-amount:20px;--awb-sep-color:#52a436;background:radial-gradient(ellipse at 50% -50% , #52a436 0px, rgba(255, 255, 255, 0) 80%) repeat scroll 0 0 rgba(0, 0, 0, 0);background:-webkit-radial-gradient(ellipse at 50% -50% , #52a436 0px, rgba(255, 255, 255, 0) 80%) repeat scroll 0 0 rgba(0, 0, 0, 0);background:-moz-radial-gradient(ellipse at 50% -50% , #52a436 0px, rgba(255, 255, 255, 0) 80%) repeat scroll 0 0 rgba(0, 0, 0, 0);background:-o-radial-gradient(ellipse at 50% -50% , #52a436 0px, rgba(255, 255, 255, 0) 80%) repeat scroll 0 0 rgba(0, 0, 0, 0);\"><\/div><span class=\"icon-wrapper\" style=\"border-color:#52a436;background-color:rgba(255,255,255,0);font-size:65px;width: 1.75em; height: 1.75em;border-width:1px;padding:1px;\"><i class=\"icon-accountant-download\" style=\"font-size: inherit;color:#52a436;\" aria-hidden=\"true\"><\/i><\/span><div class=\"fusion-separator-border sep-shadow\" style=\"--awb-height:20px;--awb-amount:20px;--awb-sep-color:#52a436;background:radial-gradient(ellipse at 50% -50% , #52a436 0px, rgba(255, 255, 255, 0) 80%) repeat scroll 0 0 rgba(0, 0, 0, 0);background:-webkit-radial-gradient(ellipse at 50% -50% , #52a436 0px, rgba(255, 255, 255, 0) 80%) repeat scroll 0 0 rgba(0, 0, 0, 0);background:-moz-radial-gradient(ellipse at 50% -50% , #52a436 0px, rgba(255, 255, 255, 0) 80%) repeat scroll 0 0 rgba(0, 0, 0, 0);background:-o-radial-gradient(ellipse at 50% -50% , #52a436 0px, rgba(255, 255, 255, 0) 80%) repeat scroll 0 0 rgba(0, 0, 0, 0);\"><\/div><\/div><\/div><\/div><\/div><\/div><div class=\"fusion-fullwidth fullwidth-box fusion-builder-row-3 fusion-flex-container nonhundred-percent-fullwidth non-hundred-percent-height-scrolling\" style=\"--awb-border-radius-top-left:0px;--awb-border-radius-top-right:0px;--awb-border-radius-bottom-right:0px;--awb-border-radius-bottom-left:0px;--awb-flex-wrap:wrap;\" ><div class=\"fusion-builder-row fusion-row fusion-flex-align-items-flex-start fusion-flex-content-wrap\" style=\"max-width:1216.8px;margin-left: calc(-4% \/ 2 );margin-right: calc(-4% \/ 2 );\"><div class=\"fusion-layout-column fusion_builder_column fusion-builder-column-2 fusion_builder_column_1_1 1_1 fusion-flex-column\" style=\"--awb-bg-blend:overlay;--awb-bg-size:cover;--awb-width-large:100%;--awb-margin-top-large:0px;--awb-spacing-right-large:1.92%;--awb-margin-bottom-large:0px;--awb-spacing-left-large:1.92%;--awb-width-medium:100%;--awb-spacing-right-medium:1.92%;--awb-spacing-left-medium:1.92%;--awb-width-small:100%;--awb-spacing-right-small:1.92%;--awb-spacing-left-small:1.92%;\"><div class=\"fusion-column-wrapper fusion-flex-justify-content-flex-start fusion-content-layout-column\"><div class=\"fusion-text fusion-text-1\" style=\"--awb-font-size:18px;--awb-text-font-family:&quot;Montserrat&quot;;\"><ol>\n<li><a href=\"https:\/\/muszakieredetvizsgaszeged.hu\/wp-content\/uploads\/2024\/05\/kerelem_atrendszamozashoz-1.docx\">K\u00e9relem \u00e1trendsz\u00e1moz\u00e1shoz<\/a><\/li>\n<li><a href=\"https:\/\/muszakieredetvizsgaszeged.hu\/wp-content\/uploads\/2024\/05\/kerelem_elerhetoseg-rogzitese-1.docx\">K\u00e9relem el\u00e9rhet\u0151s\u00e9g r\u00f6gz\u00edt\u00e9s\u00e9hez<\/a><\/li>\n<li><a href=\"https:\/\/muszakieredetvizsgaszeged.hu\/wp-content\/uploads\/2024\/05\/kerelem_forgalomba-visszahelyezes-1.docx\">K\u00e9relem Forgalomba t\u00f6rt\u00e9n\u0151 visszahelyez\u00e9shez<\/a><\/li>\n<li><a href=\"https:\/\/muszakieredetvizsgaszeged.hu\/wp-content\/uploads\/2024\/05\/kerelem_egyeni_egyedi-rendszamtabla-2.docx\">K\u00e9relem Egy\u00e9ni-egyedi rendsz\u00e1mt\u00e1bla ig\u00e9nyl\u00e9s\u00e9hez<\/a><\/li>\n<li><a href=\"https:\/\/muszakieredetvizsgaszeged.hu\/wp-content\/uploads\/2024\/05\/kerelem_figyelmezteto-jelzest-ado-keszulek-1.docx\">K\u00e9relem Figyelmeztet\u0151 jelz\u00e9st ad\u00f3 k\u00e9sz\u00fcl\u00e9k haszn\u00e1lat\u00e1hoz<\/a><\/li>\n<li><a href=\"https:\/\/muszakieredetvizsgaszeged.hu\/wp-content\/uploads\/2024\/05\/kerelem_forgalombol-torteno-atmeneti-kivonas-1.docx\">K\u00e9relem Forgalomb\u00f3l t\u00f6rt\u00e9n\u0151 \u00e1tmeneti kivon\u00e1shoz<\/a><\/li>\n<li><a href=\"https:\/\/muszakieredetvizsgaszeged.hu\/wp-content\/uploads\/2024\/05\/kerelem_forgalombol-torteno-ideiglenes-kivonas-1.docx\">K\u00e9relem Forgalomb\u00f3l t\u00f6rt\u00e9n\u0151 ideiglenes kivon\u00e1shoz<\/a><\/li>\n<li><a href=\"https:\/\/muszakieredetvizsgaszeged.hu\/wp-content\/uploads\/2024\/05\/kerelem_forgalombol-torteno-vegleges-kivonas-1.docx\">K\u00e9relem Forgalomb\u00f3l t\u00f6rt\u00e9n\u0151 v\u00e9gleges kivon\u00e1shoz<\/a><\/li>\n<li><a href=\"https:\/\/muszakieredetvizsgaszeged.hu\/wp-content\/uploads\/2024\/05\/kerelem_ideiglenes-rendszam-1.docx\">K\u00e9relem Ideiglenes rendsz\u00e1mt\u00e1bla haszn\u00e1lat\u00e1hoz<\/a><\/li>\n<li><a href=\"https:\/\/muszakieredetvizsgaszeged.hu\/wp-content\/uploads\/2024\/05\/kerelem_reg.-matrica-utangyartasahoz-1.docx\">K\u00e9relem Regisztr\u00e1ci\u00f3s matrica ut\u00e1ngy\u00e1rt\u00e1s\u00e1hoz<\/a><\/li>\n<li><a href=\"https:\/\/muszakieredetvizsgaszeged.hu\/wp-content\/uploads\/2024\/05\/kerelem_rendszamtabla-utangyartasa.docx\">K\u00e9relem Rendsz\u00e1mt\u00e1bla ut\u00e1ngy\u00e1rt\u00e1s\u00e1hoz<\/a><\/li>\n<li><a href=\"https:\/\/muszakieredetvizsgaszeged.hu\/wp-content\/uploads\/2024\/05\/kerelem_szurke-rendszamtabla.docx\">K\u00e9relem Sz\u00fcrke rendsz\u00e1mt\u00e1bl\u00e1hoz<\/a><\/li>\n<li><a href=\"https:\/\/muszakieredetvizsgaszeged.hu\/wp-content\/uploads\/2024\/05\/kerelem_torzskonyv-postazasahoz.docx\">K\u00e9relem T\u00f6rzsk\u00f6nyv post\u00e1z\u00e1s\u00e1hoz<\/a><\/li>\n<li><a href=\"https:\/\/muszakieredetvizsgaszeged.hu\/wp-content\/uploads\/2024\/05\/kerelem_uzembentarto-torlese.docx\">K\u00e9relem \u00dczembentart\u00f3 t\u00f6rl\u00e9s\u00e9hez<\/a><\/li>\n<li><a href=\"https:\/\/muszakieredetvizsgaszeged.hu\/wp-content\/uploads\/2024\/05\/kerelem-adatszolgaltatas-irant-1.docx\">K\u00e9relem Adatszolg\u00e1ltat\u00e1s ir\u00e1nt<\/a><\/li>\n<li><a href=\"https:\/\/muszakieredetvizsgaszeged.hu\/wp-content\/uploads\/2024\/05\/meghatalmazas_jogi-szemely.docx\">Meghatalmaz\u00e1s Jogi szem\u00e9ly<\/a><\/li>\n<li><a href=\"https:\/\/muszakieredetvizsgaszeged.hu\/wp-content\/uploads\/2024\/05\/kerelem_utvonalengedely.docx\">K\u00e9relem \u00datvonalenged\u00e9ly<\/a><\/li>\n<li><a href=\"https:\/\/muszakieredetvizsgaszeged.hu\/wp-content\/uploads\/2024\/05\/meghatalmazas_termesztes-szemely.docx\">Meghatalmaz\u00e1s Term\u00e9szetes szem\u00e9ly<\/a><\/li>\n<li><a href=\"https:\/\/muszakieredetvizsgaszeged.hu\/wp-content\/uploads\/2024\/05\/nyilatkozat_altalanos.docx\">Nyilatkozat \u00c1ltal\u00e1nos<\/a><\/li>\n<li><a href=\"https:\/\/muszakieredetvizsgaszeged.hu\/wp-content\/uploads\/2024\/05\/nyilatkozat_kulfoldrol-behozott-gepjarmu.docx\">Nyilatkozat K\u00fclf\u00f6ldr\u0151l behozott g\u00e9pj\u00e1rm\u0171<\/a><\/li>\n<\/ol>\n<\/div><div class=\"fusion-title title fusion-title-2 sep-underline sep-solid fusion-title-text fusion-title-size-one\" style=\"--awb-margin-top-small:0px;--awb-margin-right-small:0px;--awb-margin-bottom-small:20px;--awb-margin-left-small:0px;\"><h1 class=\"fusion-title-heading title-heading-left fusion-responsive-typography-calculated\" style=\"margin:0;--fontSize:70;line-height:var(--awb-typography1-line-height);\"><p>K\u00e9rd\u00e9se van?<\/p>\n<p>L\u00e9pjen kapcsolatba vel\u00fcnk <strong><a href=\"tel: +36305457135\">telefonon<\/a><\/strong> ( +36 30 545 71 35) vagy <strong><a href=\"https:\/\/muszakieredetvizsgaszeged.hu\/en\/kapcsolat\/\">online<\/a><\/strong>,\u00a0 \u00e9s seg\u00edt\u00fcnk minden l\u00e9p\u00e9sben!<\/p><\/h1><\/div><\/div><\/div><\/div><\/div><\/p>","protected":false},"excerpt":{"rendered":"","protected":false},"author":5,"featured_media":0,"parent":0,"menu_order":0,"comment_status":"closed","ping_status":"closed","template":"","meta":{"_acf_changed":false,"footnotes":""},"class_list":["post-1678","page","type-page","status-publish","hentry"],"acf":[],"yoast_head":"<!-- This site is optimized with the Yoast SEO plugin v27.5 - https:\/\/yoast.com\/product\/yoast-seo-wordpress\/ -->\n<title>Let\u00f6lthet\u0151 g\u00e9pj\u00e1rm\u0171 nyomtatv\u00e1nyok | M\u0171szaki eredetvizsga Szeged - KZS m\u0171szaki \u00e9s eredet vizsga Szeged<\/title>\n<meta name=\"description\" content=\"T\u00f6ltse le a sz\u00fcks\u00e9ges g\u00e9pj\u00e1rm\u0171 dokumentumokat \u00e9s \u0171rlapokat egyszer\u0171en! M\u0171szaki eredetvizsga Szegeden nyomtatv\u00e1nyok, gyorsan \u00e9s ingyenesen.\" \/>\n<meta name=\"robots\" content=\"index, follow, max-snippet:-1, max-image-preview:large, max-video-preview:-1\" \/>\n<link rel=\"canonical\" href=\"https:\/\/muszakieredetvizsgaszeged.hu\/en\/letoltheto-nyomtatvanyok\/\" \/>\n<meta property=\"og:locale\" content=\"en_GB\" \/>\n<meta property=\"og:type\" content=\"article\" \/>\n<meta property=\"og:title\" content=\"Let\u00f6lthet\u0151 g\u00e9pj\u00e1rm\u0171 nyomtatv\u00e1nyok | M\u0171szaki eredetvizsga Szeged - KZS m\u0171szaki \u00e9s eredet vizsga Szeged\" \/>\n<meta property=\"og:description\" content=\"T\u00f6ltse le a sz\u00fcks\u00e9ges g\u00e9pj\u00e1rm\u0171 dokumentumokat \u00e9s \u0171rlapokat egyszer\u0171en! M\u0171szaki eredetvizsga Szegeden nyomtatv\u00e1nyok, gyorsan \u00e9s ingyenesen.\" \/>\n<meta property=\"og:url\" content=\"https:\/\/muszakieredetvizsgaszeged.hu\/en\/letoltheto-nyomtatvanyok\/\" \/>\n<meta property=\"og:site_name\" content=\"KZS m\u0171szaki \u00e9s eredet vizsga Szeged\" \/>\n<meta property=\"article:publisher\" content=\"https:\/\/www.facebook.com\/kzsmobil\" \/>\n<meta property=\"article:modified_time\" content=\"2026-03-26T07:30:15+00:00\" \/>\n<meta property=\"og:image\" content=\"https:\/\/muszakieredetvizsgaszeged.hu\/wp-content\/uploads\/2024\/05\/man-362150_1280.jpg\" \/>\n\t<meta property=\"og:image:width\" content=\"1280\" \/>\n\t<meta property=\"og:image:height\" content=\"853\" \/>\n\t<meta property=\"og:image:type\" content=\"image\/jpeg\" \/>\n<meta name=\"twitter:card\" content=\"summary_large_image\" \/>\n<meta name=\"twitter:label1\" content=\"Estimated reading time\" \/>\n\t<meta name=\"twitter:data1\" content=\"1 minute\" \/>\n<script type=\"application\/ld+json\" class=\"yoast-schema-graph\">{\"@context\":\"https:\\\/\\\/schema.org\",\"@graph\":[{\"@type\":\"WebPage\",\"@id\":\"https:\\\/\\\/muszakieredetvizsgaszeged.hu\\\/letoltheto-nyomtatvanyok\\\/\",\"url\":\"https:\\\/\\\/muszakieredetvizsgaszeged.hu\\\/letoltheto-nyomtatvanyok\\\/\",\"name\":\"Let\u00f6lthet\u0151 g\u00e9pj\u00e1rm\u0171 nyomtatv\u00e1nyok | M\u0171szaki eredetvizsga Szeged - KZS m\u0171szaki \u00e9s eredet vizsga Szeged\",\"isPartOf\":{\"@id\":\"https:\\\/\\\/muszakieredetvizsgaszeged.hu\\\/#website\"},\"datePublished\":\"2024-05-29T09:03:43+00:00\",\"dateModified\":\"2026-03-26T07:30:15+00:00\",\"description\":\"T\u00f6ltse le a sz\u00fcks\u00e9ges g\u00e9pj\u00e1rm\u0171 dokumentumokat \u00e9s \u0171rlapokat egyszer\u0171en! M\u0171szaki eredetvizsga Szegeden nyomtatv\u00e1nyok, gyorsan \u00e9s ingyenesen.\",\"breadcrumb\":{\"@id\":\"https:\\\/\\\/muszakieredetvizsgaszeged.hu\\\/letoltheto-nyomtatvanyok\\\/#breadcrumb\"},\"inLanguage\":\"en-GB\",\"potentialAction\":[{\"@type\":\"ReadAction\",\"target\":[\"https:\\\/\\\/muszakieredetvizsgaszeged.hu\\\/letoltheto-nyomtatvanyok\\\/\"]}]},{\"@type\":\"BreadcrumbList\",\"@id\":\"https:\\\/\\\/muszakieredetvizsgaszeged.hu\\\/letoltheto-nyomtatvanyok\\\/#breadcrumb\",\"itemListElement\":[{\"@type\":\"ListItem\",\"position\":1,\"name\":\"Kezd\u0151lap\",\"item\":\"https:\\\/\\\/muszakieredetvizsgaszeged.hu\\\/\"},{\"@type\":\"ListItem\",\"position\":2,\"name\":\"Let\u00f6lthet\u0151 g\u00e9pj\u00e1rm\u0171 nyomtatv\u00e1nyok | M\u0171szaki eredetvizsga Szeged\"}]},{\"@type\":\"WebSite\",\"@id\":\"https:\\\/\\\/muszakieredetvizsgaszeged.hu\\\/#website\",\"url\":\"https:\\\/\\\/muszakieredetvizsgaszeged.hu\\\/\",\"name\":\"KZS Mobilcar - M\u0171szaki vizsga \u00e9s eredetis\u00e9gvizsga Szeged | Tel: +36 30 545 7135\",\"description\":\"Teljesk\u00f6r\u0171 \u00fcgyint\u00e9z\u00e9s, m\u0171szaki vizsga \u00e9s eredetvizsga Szegeden: KZS Mobil Car\",\"alternateName\":\"KZS Mobilcar\",\"potentialAction\":[{\"@type\":\"SearchAction\",\"target\":{\"@type\":\"EntryPoint\",\"urlTemplate\":\"https:\\\/\\\/muszakieredetvizsgaszeged.hu\\\/?s={search_term_string}\"},\"query-input\":{\"@type\":\"PropertyValueSpecification\",\"valueRequired\":true,\"valueName\":\"search_term_string\"}}],\"inLanguage\":\"en-GB\"}]}<\/script>\n<!-- \/ Yoast SEO plugin. -->","yoast_head_json":{"title":"Let\u00f6lthet\u0151 g\u00e9pj\u00e1rm\u0171 nyomtatv\u00e1nyok | M\u0171szaki eredetvizsga Szeged - KZS m\u0171szaki \u00e9s eredet vizsga Szeged","description":"T\u00f6ltse le a sz\u00fcks\u00e9ges g\u00e9pj\u00e1rm\u0171 dokumentumokat \u00e9s \u0171rlapokat egyszer\u0171en! M\u0171szaki eredetvizsga Szegeden nyomtatv\u00e1nyok, gyorsan \u00e9s ingyenesen.","robots":{"index":"index","follow":"follow","max-snippet":"max-snippet:-1","max-image-preview":"max-image-preview:large","max-video-preview":"max-video-preview:-1"},"canonical":"https:\/\/muszakieredetvizsgaszeged.hu\/en\/letoltheto-nyomtatvanyok\/","og_locale":"en_GB","og_type":"article","og_title":"Let\u00f6lthet\u0151 g\u00e9pj\u00e1rm\u0171 nyomtatv\u00e1nyok | M\u0171szaki eredetvizsga Szeged - KZS m\u0171szaki \u00e9s eredet vizsga Szeged","og_description":"T\u00f6ltse le a sz\u00fcks\u00e9ges g\u00e9pj\u00e1rm\u0171 dokumentumokat \u00e9s \u0171rlapokat egyszer\u0171en! M\u0171szaki eredetvizsga Szegeden nyomtatv\u00e1nyok, gyorsan \u00e9s ingyenesen.","og_url":"https:\/\/muszakieredetvizsgaszeged.hu\/en\/letoltheto-nyomtatvanyok\/","og_site_name":"KZS m\u0171szaki \u00e9s eredet vizsga Szeged","article_publisher":"https:\/\/www.facebook.com\/kzsmobil","article_modified_time":"2026-03-26T07:30:15+00:00","og_image":[{"width":1280,"height":853,"url":"https:\/\/muszakieredetvizsgaszeged.hu\/wp-content\/uploads\/2024\/05\/man-362150_1280.jpg","type":"image\/jpeg"}],"twitter_card":"summary_large_image","twitter_misc":{"Estimated reading time":"1 minute"},"schema":{"@context":"https:\/\/schema.org","@graph":[{"@type":"WebPage","@id":"https:\/\/muszakieredetvizsgaszeged.hu\/letoltheto-nyomtatvanyok\/","url":"https:\/\/muszakieredetvizsgaszeged.hu\/letoltheto-nyomtatvanyok\/","name":"Let\u00f6lthet\u0151 g\u00e9pj\u00e1rm\u0171 nyomtatv\u00e1nyok | M\u0171szaki eredetvizsga Szeged - KZS m\u0171szaki \u00e9s eredet vizsga Szeged","isPartOf":{"@id":"https:\/\/muszakieredetvizsgaszeged.hu\/#website"},"datePublished":"2024-05-29T09:03:43+00:00","dateModified":"2026-03-26T07:30:15+00:00","description":"T\u00f6ltse le a sz\u00fcks\u00e9ges g\u00e9pj\u00e1rm\u0171 dokumentumokat \u00e9s \u0171rlapokat egyszer\u0171en! M\u0171szaki eredetvizsga Szegeden nyomtatv\u00e1nyok, gyorsan \u00e9s ingyenesen.","breadcrumb":{"@id":"https:\/\/muszakieredetvizsgaszeged.hu\/letoltheto-nyomtatvanyok\/#breadcrumb"},"inLanguage":"en-GB","potentialAction":[{"@type":"ReadAction","target":["https:\/\/muszakieredetvizsgaszeged.hu\/letoltheto-nyomtatvanyok\/"]}]},{"@type":"BreadcrumbList","@id":"https:\/\/muszakieredetvizsgaszeged.hu\/letoltheto-nyomtatvanyok\/#breadcrumb","itemListElement":[{"@type":"ListItem","position":1,"name":"Kezd\u0151lap","item":"https:\/\/muszakieredetvizsgaszeged.hu\/"},{"@type":"ListItem","position":2,"name":"Let\u00f6lthet\u0151 g\u00e9pj\u00e1rm\u0171 nyomtatv\u00e1nyok | M\u0171szaki eredetvizsga Szeged"}]},{"@type":"WebSite","@id":"https:\/\/muszakieredetvizsgaszeged.hu\/#website","url":"https:\/\/muszakieredetvizsgaszeged.hu\/","name":"KZS Mobilcar - M\u0171szaki vizsga \u00e9s eredetis\u00e9gvizsga Szeged | Tel: +36 30 545 7135","description":"Teljesk\u00f6r\u0171 \u00fcgyint\u00e9z\u00e9s, m\u0171szaki vizsga \u00e9s eredetvizsga Szegeden: KZS Mobil Car","alternateName":"KZS Mobilcar","potentialAction":[{"@type":"SearchAction","target":{"@type":"EntryPoint","urlTemplate":"https:\/\/muszakieredetvizsgaszeged.hu\/?s={search_term_string}"},"query-input":{"@type":"PropertyValueSpecification","valueRequired":true,"valueName":"search_term_string"}}],"inLanguage":"en-GB"}]}},"_links":{"self":[{"href":"https:\/\/muszakieredetvizsgaszeged.hu\/en\/wp-json\/wp\/v2\/pages\/1678","targetHints":{"allow":["GET"]}}],"collection":[{"href":"https:\/\/muszakieredetvizsgaszeged.hu\/en\/wp-json\/wp\/v2\/pages"}],"about":[{"href":"https:\/\/muszakieredetvizsgaszeged.hu\/en\/wp-json\/wp\/v2\/types\/page"}],"author":[{"embeddable":true,"href":"https:\/\/muszakieredetvizsgaszeged.hu\/en\/wp-json\/wp\/v2\/users\/5"}],"replies":[{"embeddable":true,"href":"https:\/\/muszakieredetvizsgaszeged.hu\/en\/wp-json\/wp\/v2\/comments?post=1678"}],"version-history":[{"count":39,"href":"https:\/\/muszakieredetvizsgaszeged.hu\/en\/wp-json\/wp\/v2\/pages\/1678\/revisions"}],"predecessor-version":[{"id":2282,"href":"https:\/\/muszakieredetvizsgaszeged.hu\/en\/wp-json\/wp\/v2\/pages\/1678\/revisions\/2282"}],"wp:attachment":[{"href":"https:\/\/muszakieredetvizsgaszeged.hu\/en\/wp-json\/wp\/v2\/media?parent=1678"}],"curies":[{"name":"wp","href":"https:\/\/api.w.org\/{rel}","templated":true}]}}